{"id":501,"date":"2022-12-13T12:19:05","date_gmt":"2022-12-13T12:19:05","guid":{"rendered":"https:\/\/turismobaterno.es\/?page_id=501"},"modified":"2023-08-16T21:07:11","modified_gmt":"2023-08-16T20:07:11","slug":"realidad-aumentada","status":"publish","type":"page","link":"https:\/\/turismosiruela.es\/?page_id=501","title":{"rendered":"Realidad Aumentada"},"content":{"rendered":"<p>[et_pb_section fb_built=&#8221;1&#8243; disabled_on=&#8221;on|on|off&#8221; admin_label=&#8221;CABECERA PARA PC SOBREMESA SIRUELA&#8221; _builder_version=&#8221;4.19.1&#8243; _module_preset=&#8221;default&#8221; custom_margin=&#8221;||6px|||&#8221; custom_padding=&#8221;0px|||||&#8221; saved_tabs=&#8221;all&#8221; collapsed=&#8221;off&#8221; global_colors_info=&#8221;{}&#8221;][et_pb_row _builder_version=&#8221;4.19.1&#8243; _module_preset=&#8221;default&#8221; width=&#8221;100%&#8221; custom_padding=&#8221;0px|||||&#8221; global_colors_info=&#8221;{}&#8221;][et_pb_column type=&#8221;4_4&#8243; _builder_version=&#8221;4.19.1&#8243; _module_preset=&#8221;default&#8221; global_colors_info=&#8221;{}&#8221;][et_pb_image src=&#8221;https:\/\/turismosiruela.es\/wp-content\/uploads\/2023\/07\/pc-to-app_.jpg&#8221; title_text=&#8221;pc to app_&#8221; align=&#8221;center&#8221; _builder_version=&#8221;4.19.1&#8243; _module_preset=&#8221;default&#8221; border_radii=&#8221;on|15px|15px|15px|15px&#8221; box_shadow_style=&#8221;preset2&#8243; global_colors_info=&#8221;{}&#8221;][\/et_pb_image][et_pb_text _builder_version=&#8221;4.19.1&#8243; _module_preset=&#8221;default&#8221; global_colors_info=&#8221;{}&#8221;]<\/p>\n<p style=\"text-align: center;\">Para disfrutar del contenido accede a esta url a trav\u00e9s de un dispositivo m\u00f3vil (smartphone o tablet).<\/p>\n<p style=\"text-align: center;\">Est\u00e1 dise\u00f1ado para vivirlo directamente en Siruela. Por ello la mayor\u00eda del contenido estar\u00e1 disponible en tu visita a nuestro pueblo. Ser\u00e1 una gran experiencia. \u00a1Ven, te estamos esperando!<\/p>\n<p style=\"text-align: center;\">[\/et_pb_text][et_pb_divider show_divider=&#8221;off&#8221; _builder_version=&#8221;4.19.1&#8243; _module_preset=&#8221;default&#8221; global_colors_info=&#8221;{}&#8221;][\/et_pb_divider][\/et_pb_column][\/et_pb_row][et_pb_row _builder_version=&#8221;4.19.1&#8243; _module_preset=&#8221;default&#8221; background_color=&#8221;RGBA(255,255,255,0)&#8221; custom_margin=&#8221;0px||||false|false&#8221; custom_padding=&#8221;0px|||||&#8221; global_colors_info=&#8221;{}&#8221;][et_pb_column type=&#8221;4_4&#8243; _builder_version=&#8221;4.19.1&#8243; _module_preset=&#8221;default&#8221; global_colors_info=&#8221;{}&#8221;][et_pb_button button_url=&#8221;https:\/\/www.google.com\/maps\/place\/Ayuntamiento+de+Siruela\/@38.9758343,-5.0501159,19z\/data=!3m1!5s0xd6b334f7b75301f:0x93b492205f36f04b!4m12!1m5!3m4!2zMzjCsDU3JzIyLjUiTiA0wrA1NCczNy45Ilc!8m2!3d38.95625!4d-4.9105278!3m5!1s0xd6b334f62b3f3fb:0x407a1c6da61ab993!8m2!3d38.9756533!4d-5.0497011!16s%2Fg%2F12qglgw2l?entry=ttu&#8221; button_text=&#8221;D\u00d3NDE ESTAMOS&#8221; button_alignment=&#8221;center&#8221; _builder_version=&#8221;4.19.1&#8243; _module_preset=&#8221;default&#8221; custom_margin=&#8221;-17px|||||&#8221; global_colors_info=&#8221;{}&#8221;][\/et_pb_button][et_pb_divider show_divider=&#8221;off&#8221; _builder_version=&#8221;4.19.1&#8243; _module_preset=&#8221;default&#8221; global_colors_info=&#8221;{}&#8221;][\/et_pb_divider][et_pb_text _builder_version=&#8221;4.19.1&#8243; _module_preset=&#8221;default&#8221; global_colors_info=&#8221;{}&#8221;]<\/p>\n<p style=\"text-align: center;\">Un aperitivo de lo que encontrar\u00e1s en Siruela:<\/p>\n<p>[\/et_pb_text][et_pb_gallery gallery_ids=&#8221;3318,3338,3242,3329&#8243; show_title_and_caption=&#8221;off&#8221; show_pagination=&#8221;off&#8221; _builder_version=&#8221;4.19.1&#8243; _module_preset=&#8221;default&#8221; pagination_font_size=&#8221;14px&#8221; border_radii_image=&#8221;on|15px|15px|15px|15px&#8221; box_shadow_style_image=&#8221;preset2&#8243; global_colors_info=&#8221;{}&#8221;][\/et_pb_gallery][\/et_pb_column][\/et_pb_row][\/et_pb_section][et_pb_section fb_built=&#8221;1&#8243; disabled_on=&#8221;off|off|on&#8221; _builder_version=&#8221;4.19.1&#8243; _module_preset=&#8221;default&#8221; custom_padding=&#8221;0px|||||&#8221; collapsed=&#8221;off&#8221; global_colors_info=&#8221;{}&#8221;][et_pb_row _builder_version=&#8221;4.19.1&#8243; _module_preset=&#8221;default&#8221; width=&#8221;100%&#8221; custom_padding=&#8221;0px|||||&#8221; global_colors_info=&#8221;{}&#8221;][et_pb_column type=&#8221;4_4&#8243; _builder_version=&#8221;4.19.1&#8243; _module_preset=&#8221;default&#8221; global_colors_info=&#8221;{}&#8221;][et_pb_image src=&#8221;https:\/\/turismosiruela.es\/wp-content\/uploads\/2023\/07\/5_AUMENTADA.jpg&#8221; title_text=&#8221;5_AUMENTADA&#8221; align=&#8221;center&#8221; _builder_version=&#8221;4.19.1&#8243; _module_preset=&#8221;default&#8221; global_colors_info=&#8221;{}&#8221;][\/et_pb_image][\/et_pb_column][\/et_pb_row][et_pb_row _builder_version=&#8221;4.19.1&#8243; _module_preset=&#8221;default&#8221; custom_padding=&#8221;0px|||||&#8221; global_colors_info=&#8221;{}&#8221;][et_pb_column type=&#8221;4_4&#8243; _builder_version=&#8221;4.19.1&#8243; _module_preset=&#8221;default&#8221; global_colors_info=&#8221;{}&#8221;][et_pb_text _builder_version=&#8221;4.19.1&#8243; _module_preset=&#8221;default&#8221; global_colors_info=&#8221;{}&#8221;]<\/p>\n<p>Disfruta de una <strong>experiencia inolvidable<\/strong> en tu visita a Siruela.<\/p>\n<p>Si nuestro pueblo en s\u00ed mismo ya genera una visita repleta de buenos momentos y magn\u00edficas sensaciones, la experiencia en realidad aumentada es la &#8220;guinda del pastel&#8221; que faltaba. Descubre a continuaci\u00f3n en qu\u00e9 consiste:<\/p>\n<p>[\/et_pb_text][et_pb_image src=&#8221;https:\/\/turismosiruela.es\/wp-content\/uploads\/2023\/07\/IMG_6787-2023-07-13-15_44_47.png&#8221; title_text=&#8221;IMG_6787 2023-07-13 15_44_47&#8243; align=&#8221;center&#8221; _builder_version=&#8221;4.19.1&#8243; _module_preset=&#8221;default&#8221; width=&#8221;80%&#8221; border_radii=&#8221;on|15px|15px|15px|15px&#8221; box_shadow_style=&#8221;preset2&#8243; global_colors_info=&#8221;{}&#8221;][\/et_pb_image][et_pb_text _builder_version=&#8221;4.19.1&#8243; _module_preset=&#8221;default&#8221; global_colors_info=&#8221;{}&#8221;]<\/p>\n<p>Altagracia y el propio D. Jos\u00e9 Moreno Nieto te contar\u00e1n detalles de nuestro pueblo, que seguramente ayuden a entender nuestra historia. Despu\u00e9s de lo que te contar\u00e1 cada uno de ellos, si as\u00ed lo deseas, podr\u00e1s<strong> fotografiarte<\/strong> junto al personaje teniendo as\u00ed un <strong>recuerdo original<\/strong> de tu paso por nuestro pueblo.<\/p>\n<p>[\/et_pb_text][et_pb_image src=&#8221;https:\/\/turismosiruela.es\/wp-content\/uploads\/2023\/08\/170.jpg&#8221; title_text=&#8221;_-170&#8243; align=&#8221;center&#8221; _builder_version=&#8221;4.19.1&#8243; _module_preset=&#8221;default&#8221; width=&#8221;80%&#8221; border_radii=&#8221;on|15px|15px|15px|15px&#8221; box_shadow_style=&#8221;preset2&#8243; global_colors_info=&#8221;{}&#8221;][\/et_pb_image][et_pb_text _builder_version=&#8221;4.19.1&#8243; _module_preset=&#8221;default&#8221; global_colors_info=&#8221;{}&#8221;]<\/p>\n<p>Estas fotos puedes compartirlas con quien desees a trav\u00e9s de las redes sociales etiquet\u00e1ndolas con <strong>#turismosiruela<\/strong> y <strong>#siruelateespera<\/strong> .<\/p>\n<p>En este mapa tienes indicado los puntos de nuestro pueblo donde podr\u00e1s disfrutar del contenido.<\/p>\n<p>Hemos pensado que la mejor manera de disfrutar al m\u00e1ximo con la experiencia es que la descubras cuando est\u00e9s en nuestras calles, en nuestro pueblo, por eso el contenido s\u00f3lo estar\u00e1 <strong>disponible cuando est\u00e9s en Siruela<\/strong>.<\/p>\n<p><strong>Ven a Siruela y disfruta de la experiencia.<\/strong><\/p>\n<p>[\/et_pb_text][\/et_pb_column][\/et_pb_row][et_pb_row _builder_version=&#8221;4.19.1&#8243; _module_preset=&#8221;default&#8221; custom_padding=&#8221;0px|||||&#8221; global_colors_info=&#8221;{}&#8221;][et_pb_column type=&#8221;4_4&#8243; _builder_version=&#8221;4.19.1&#8243; _module_preset=&#8221;default&#8221; global_colors_info=&#8221;{}&#8221;][et_pb_text _builder_version=&#8221;4.19.1&#8243; _module_preset=&#8221;default&#8221; global_colors_info=&#8221;{}&#8221;]<\/p>\n\r\n            \r\n            \r\n            \r\n            <a name='map47'><\/a>\r\n            \r\n            \r\n            \r\n            \r\n            <div class=\"wpgmza_map \"  id=\"wpgmza_map_47\" style=\"display:block; overflow:auto; width:100%; height:300px; float:left;\" data-settings='{\"id\":\"47\",\"map_title\":\"Realidad Aumentada Siruela\",\"map_width\":\"100\",\"map_height\":\"300\",\"map_start_lat\":\"38.9713696360667\",\"map_start_lng\":\"-5.037154457151713\",\"map_start_location\":\"\",\"map_start_zoom\":\"13\",\"default_marker\":\"\",\"type\":\"1\",\"alignment\":\"0\",\"directions_enabled\":\"0\",\"styling_enabled\":\"0\",\"styling_json\":\"\",\"active\":\"0\",\"kml\":\"\",\"bicycle\":\"0\",\"traffic\":\"0\",\"dbox\":\"1\",\"dbox_width\":\"100\",\"listmarkers\":\"0\",\"listmarkers_advanced\":\"0\",\"filterbycat\":\"0\",\"ugm_enabled\":\"0\",\"ugm_category_enabled\":\"0\",\"fusion\":\"\",\"map_width_type\":\"%\",\"map_height_type\":\"px\",\"mass_marker_support\":\"0\",\"ugm_access\":\"0\",\"order_markers_by\":\"1\",\"order_markers_choice\":\"1\",\"show_user_location\":\"0\",\"default_to\":\"\",\"other_settings\":{\"map_type\":1,\"sl_stroke_color\":\"#ff0000\",\"sl_fill_color\":\"#ff0000\",\"sl_stroke_opacity\":\"1\",\"sl_fill_opacity\":\"0.5\",\"transport_layer\":false,\"action\":\"wpgmza_save_map\",\"redirect_to\":\"\\\/wp-admin\\\/admin-post.php\",\"map_id\":\"47\",\"http_referer\":\"\\\/wp-admin\\\/admin.php?page=wp-google-maps-menu&amp;amp;action=edit&amp;amp;map_id=18\",\"wpgmza_id\":\"18\",\"wpgmza_start_location\":\"38.9713696360667,-5.037154457151713\",\"wpgmza_start_zoom\":\"13\",\"wpgmza_theme_data\":\"\",\"wpgmza_dbox_width_type\":\"%\",\"default_from\":\"\",\"directions_behaviour\":\"default\",\"force_google_directions_app\":false,\"directions_route_origin_icon\":\"https:\\\/\\\/turismobaterno.es\\\/wp-content\\\/plugins\\\/wp-google-maps\\\/images\\\/spotlight-poi2.png\",\"directions_origin_retina\":false,\"directions_route_destination_icon\":\"https:\\\/\\\/turismobaterno.es\\\/wp-content\\\/plugins\\\/wp-google-maps\\\/images\\\/spotlight-poi2.png\",\"directions_destination_retina\":false,\"directions_route_stroke_color\":\"#4f8df5\",\"directions_route_stroke_weight\":\"4\",\"directions_route_stroke_opacity\":\"0.8\",\"directions_fit_bounds_to_route\":false,\"store_locator_enabled\":false,\"store_locator_search_area\":\"radial\",\"wpgmza_store_locator_radius_style\":\"legacy\",\"wpgmza_store_locator_default_radius\":\"10\",\"store_locator_auto_area_max_zoom\":\"\",\"wpgmza_store_locator_restrict\":\"\",\"store_locator_distance\":false,\"wpgmza_store_locator_position\":false,\"store_locator_show_distance\":false,\"store_locator_category\":false,\"wpgmza_store_locator_use_their_location\":false,\"wpgmza_store_locator_bounce\":false,\"upload_default_sl_marker\":\"\",\"upload_default_sl_marker_retina\":false,\"wpgmza_sl_animation\":\"0\",\"wpgmza_store_locator_hide_before_search\":false,\"store_locator_query_string\":\"\",\"store_locator_location_placeholder\":\"\",\"store_locator_default_address\":\"\",\"store_locator_name_search\":false,\"store_locator_name_string\":\"\",\"store_locator_not_found_message\":\"\",\"retina\":false,\"wpgmza_map_align\":\"1\",\"upload_default_ul_marker\":\"\\\/\\\/turismobaterno.es\\\/wp-content\\\/uploads\\\/2022\\\/12\\\/guy-1294571_640_i_80.png\",\"upload_default_ul_marker_retina\":true,\"jump_to_nearest_marker_on_initialization\":false,\"automatically_pan_to_users_location\":false,\"override_users_location_zoom_level\":false,\"override_users_location_zoom_levels\":\"\",\"show_distance_from_location\":false,\"map_max_zoom\":\"21\",\"map_min_zoom\":\"0\",\"click_open_link\":false,\"fit_maps_bounds_to_markers\":false,\"fit_maps_bounds_to_markers_after_filtering\":false,\"hide_point_of_interest\":false,\"wpgmza_zoom_on_marker_click\":false,\"wpgmza_zoom_on_marker_click_slider\":\"\",\"close_infowindow_on_map_click\":false,\"disable_lightbox_images\":false,\"use_Raw_Jpeg_Coordinates\":false,\"polygon_labels\":false,\"disable_polygon_info_windows\":false,\"enable_advanced_custom_fields_integration\":false,\"enable_advanced_custom_fields_integration_type\":\"\",\"enable_toolset_woocommerce_integration\":false,\"enable_woo_product_integration\":false,\"only_load_markers_within_viewport\":false,\"iw_primary_color\":\"#000000\",\"iw_accent_color\":\"#000000\",\"iw_text_color\":\"#000000\",\"wpgmza_listmarkers_by\":\"0\",\"wpgmza_marker_listing_position\":false,\"wpgmza_push_in_map\":false,\"wpgmza_push_in_map_placement\":\"1\",\"wpgmza_push_in_map_width\":\"\",\"wpgmza_push_in_map_height\":\"\",\"zoom_level_on_marker_listing_override\":false,\"zoom_level_on_marker_listing_click\":\"\",\"marker_listing_disable_zoom\":false,\"datatable_no_result_message\":\"\",\"remove_search_box_datables\":false,\"dataTable_pagination_style\":\"default\",\"datatable_search_string\":\"\",\"datatable_result_start\":\"\",\"datatable_result_of\":\"\",\"datatable_result_to\":\"\",\"datatable_result_total\":\"\",\"datatable_result_show\":\"\",\"datatable_result_entries\":\"\",\"enable_filter_custom_field_1\":false,\"enable_filter_custom_field_2\":false,\"enable_filter_custom_field_3\":false,\"wpgmza_savemap\":\"Guardar Mapa \\u00bb\",\"shortcodeAttributes\":{\"id\":\"47\"},\"wpgmza_iw_type\":\"0\"}}' data-map-id='47' data-shortcode-attributes='{\"id\":\"47\"}'> <\/div>\r\n            \r\n               \r\n        \n<p>[\/et_pb_text][\/et_pb_column][\/et_pb_row][et_pb_row disabled_on=&#8221;off|off|on&#8221; _builder_version=&#8221;4.19.1&#8243; _module_preset=&#8221;default&#8221; custom_padding=&#8221;0px|||||&#8221; global_colors_info=&#8221;{}&#8221;][et_pb_column type=&#8221;4_4&#8243; _builder_version=&#8221;4.19.1&#8243; _module_preset=&#8221;default&#8221; global_colors_info=&#8221;{}&#8221;][et_pb_accordion open_toggle_text_color=&#8221;#382b1c&#8221; open_toggle_background_color=&#8221;#FFFFFF&#8221; closed_toggle_background_color=&#8221;rgba(56,131,193,0.2)&#8221; _builder_version=&#8221;4.19.1&#8243; _module_preset=&#8221;default&#8221; custom_margin=&#8221;0px||||false|false&#8221; border_radii=&#8221;on|15px|15px|15px|15px&#8221; box_shadow_style=&#8221;preset2&#8243; global_colors_info=&#8221;{}&#8221;][et_pb_accordion_item title=&#8221;Altagracia, la pastora.&#8221; open=&#8221;on&#8221; _builder_version=&#8221;4.19.1&#8243; _module_preset=&#8221;default&#8221; custom_margin=&#8221;30px||||false|false&#8221; global_colors_info=&#8221;{}&#8221;]Altagracia da vida a una de las \u00faltimas pastoras del siglo XIX que habitaron en tierras de Siruela.<\/p>\n<p>Desde la Ermita, y como buena conocedora de las tradiciones y la historia, te trasladar\u00e1 los detalles de la aparici\u00f3n de la Virgen de Altagracia en el mismo lugar, as\u00ed como lo que representa el ganado ovino a nuestro pueblo.<\/p>\n<p style=\"text-align: center;\"><img loading=\"lazy\" decoding=\"async\" class=\"wp-image-2723 alignnone size-medium\" src=\"https:\/\/turismosiruela.es\/wp-content\/uploads\/2023\/08\/180.jpg\" alt=\"\" width=\"199\" height=\"300\" \/><\/p>\n<p>[\/et_pb_accordion_item][et_pb_accordion_item title=&#8221;D. Jos\u00e9 Moreno Nieto&#8221; _builder_version=&#8221;4.19.1&#8243; _module_preset=&#8221;default&#8221; custom_margin=&#8221;30px||||false|false&#8221; global_colors_info=&#8221;{}&#8221; open=&#8221;off&#8221;]Conseguir\u00e1s que D. Jos\u00e9 Moreno Nieto, ilustre vecino de Siruela, tome vida para contarte en primera persona quien es y por qu\u00e9 los vecinos de Siruela le otrogaron el privilegio de presidir su Plaza de Espa\u00f1a.<\/p>\n<p style=\"text-align: center;\"><img loading=\"lazy\" decoding=\"async\" src=\"https:\/\/turismosiruela.es\/wp-content\/uploads\/2023\/08\/181.jpg\" alt=\"\" class=\"wp-image-2721 alignnone size-medium\" width=\"196\" height=\"300\" \/><\/p>\n<p>[\/et_pb_accordion_item][\/et_pb_accordion][et_pb_text _builder_version=&#8221;4.19.1&#8243; _module_preset=&#8221;default&#8221; hover_enabled=&#8221;0&#8243; global_colors_info=&#8221;{}&#8221; sticky_enabled=&#8221;0&#8243;]<\/p>\n<p>Para disfrutar de la experiencia <strong>pulsa el bot\u00f3n<\/strong>\u00a0 que encontrar\u00e1s al lado del bot\u00f3n &#8220;Atr\u00e1s&#8221;, abrir\u00e1 el lector de QR d\u00e1ndote acceso directo al contenido.<\/p>\n<p>[\/et_pb_text][et_pb_image src=&#8221;https:\/\/turismosiruela.es\/wp-content\/uploads\/2023\/08\/ico_qr_100.png&#8221; title_text=&#8221;ico_qr_100&#8243; align=&#8221;center&#8221; _builder_version=&#8221;4.19.1&#8243; _module_preset=&#8221;default&#8221; hover_enabled=&#8221;0&#8243; global_colors_info=&#8221;{}&#8221; sticky_enabled=&#8221;0&#8243;][\/et_pb_image][\/et_pb_column][\/et_pb_row][et_pb_row _builder_version=&#8221;4.19.1&#8243; _module_preset=&#8221;default&#8221; background_color=&#8221;#FFFFFF&#8221; positioning=&#8221;fixed&#8221; position_origin_f=&#8221;bottom_center&#8221; z_index=&#8221;350&#8243; width=&#8221;100%&#8221; max_width=&#8221;2560px&#8221; height=&#8221;70px&#8221; custom_padding=&#8221;0px|||||&#8221; global_module=&#8221;2810&#8243; global_colors_info=&#8221;{}&#8221;][et_pb_column type=&#8221;4_4&#8243; _builder_version=&#8221;4.19.1&#8243; _module_preset=&#8221;default&#8221; global_colors_info=&#8221;{}&#8221;][et_pb_image src=&#8221;https:\/\/turismobaterno.es\/wp-content\/uploads\/2023\/02\/ico_qr_50.png&#8221; title_text=&#8221;ico_qr_50&#8243; url=&#8221;https:\/\/turismosiruela.es\/?page_id=3710&#8243; use_overlay=&#8221;on&#8221; show_bottom_space=&#8221;off&#8221; align=&#8221;right&#8221; _builder_version=&#8221;4.19.1&#8243; _module_preset=&#8221;default&#8221; custom_margin=&#8221;10px|50px|||false|false&#8221; global_colors_info=&#8221;{}&#8221;][\/et_pb_image][et_pb_code _builder_version=&#8221;4.19.1&#8243; _module_preset=&#8221;default&#8221; positioning=&#8221;fixed&#8221; position_origin_f=&#8221;bottom_center&#8221; vertical_offset=&#8221;10px&#8221; z_index=&#8221;500&#8243; text_orientation=&#8221;center&#8221; global_colors_info=&#8221;{}&#8221;]<\/p>\n<div class=\"et_pb_button_module_wrapper et_pb_button_0_wrapper et_pb_module\"><!-- [et_pb_line_break_holder] -->\t<a class=\"et_pb_button et_pb_button_0 et_pb_bg_layout_light\" href=\"javascript: history.go(-1)\">Atr\u00e1s<\/a><!-- [et_pb_line_break_holder] --><\/div>\n<p><!-- [et_pb_line_break_holder] -->[\/et_pb_code][\/et_pb_column][\/et_pb_row][et_pb_row disabled_on=&#8221;on|on|on&#8221; _builder_version=&#8221;4.19.1&#8243; _module_preset=&#8221;default&#8221; background_color=&#8221;#FFFFFF&#8221; positioning=&#8221;fixed&#8221; position_origin_f=&#8221;bottom_center&#8221; z_index=&#8221;500&#8243; width=&#8221;100%&#8221; max_width=&#8221;2560px&#8221; height=&#8221;70px&#8221; disabled=&#8221;on&#8221; global_colors_info=&#8221;{}&#8221;][et_pb_column type=&#8221;4_4&#8243; _builder_version=&#8221;4.19.1&#8243; _module_preset=&#8221;default&#8221; global_colors_info=&#8221;{}&#8221;][et_pb_code _builder_version=&#8221;4.19.1&#8243; _module_preset=&#8221;default&#8221; positioning=&#8221;fixed&#8221; position_origin_f=&#8221;bottom_center&#8221; vertical_offset=&#8221;10px&#8221; z_index=&#8221;500&#8243; global_colors_info=&#8221;{}&#8221;]<\/p>\n<div class=\"et_pb_button_module_wrapper et_pb_button_0_wrapper et_pb_module\"><!-- [et_pb_line_break_holder] -->\t<a class=\"et_pb_button et_pb_button_0 et_pb_bg_layout_light\" href=\"javascript: history.go(-1)\">Atr\u00e1s<\/a><!-- [et_pb_line_break_holder] --><\/div>\n<p>[\/et_pb_code][\/et_pb_column][\/et_pb_row][\/et_pb_section]<\/p>\n","protected":false},"excerpt":{"rendered":"<p>Para disfrutar del contenido accede a esta url a trav\u00e9s de un dispositivo m\u00f3vil (smartphone o tablet). Est\u00e1 dise\u00f1ado para vivirlo directamente en Siruela. Por ello la mayor\u00eda del contenido estar\u00e1 disponible en tu visita a nuestro pueblo. Ser\u00e1 una gran experiencia. \u00a1Ven, te estamos esperando! Un aperitivo de lo que encontrar\u00e1s en Siruela:Disfruta de [&hellip;]<\/p>\n","protected":false},"author":2,"featured_media":0,"parent":0,"menu_order":0,"comment_status":"closed","ping_status":"closed","template":"","meta":{"_acf_changed":false,"_et_pb_use_builder":"on","_et_pb_old_content":"","_et_gb_content_width":"","footnotes":""},"class_list":["post-501","page","type-page","status-publish","hentry"],"acf":[],"_links":{"self":[{"href":"https:\/\/turismosiruela.es\/index.php?rest_route=\/wp\/v2\/pages\/501","targetHints":{"allow":["GET"]}}],"collection":[{"href":"https:\/\/turismosiruela.es\/index.php?rest_route=\/wp\/v2\/pages"}],"about":[{"href":"https:\/\/turismosiruela.es\/index.php?rest_route=\/wp\/v2\/types\/page"}],"author":[{"embeddable":true,"href":"https:\/\/turismosiruela.es\/index.php?rest_route=\/wp\/v2\/users\/2"}],"replies":[{"embeddable":true,"href":"https:\/\/turismosiruela.es\/index.php?rest_route=%2Fwp%2Fv2%2Fcomments&post=501"}],"version-history":[{"count":45,"href":"https:\/\/turismosiruela.es\/index.php?rest_route=\/wp\/v2\/pages\/501\/revisions"}],"predecessor-version":[{"id":3907,"href":"https:\/\/turismosiruela.es\/index.php?rest_route=\/wp\/v2\/pages\/501\/revisions\/3907"}],"wp:attachment":[{"href":"https:\/\/turismosiruela.es\/index.php?rest_route=%2Fwp%2Fv2%2Fmedia&parent=501"}],"curies":[{"name":"wp","href":"https:\/\/api.w.org\/{rel}","templated":true}]}}