{"id":3253,"date":"2023-07-13T21:41:46","date_gmt":"2023-07-13T20:41:46","guid":{"rendered":"https:\/\/turismosiruela.es\/?page_id=3253"},"modified":"2023-08-01T11:51:08","modified_gmt":"2023-08-01T10:51:08","slug":"elementos-singulares","status":"publish","type":"page","link":"https:\/\/turismosiruela.es\/?page_id=3253","title":{"rendered":"Puntos de Inter\u00e9s Tur\u00edstico"},"content":{"rendered":"<p>[et_pb_section fb_built=&#8221;1&#8243; disabled_on=&#8221;on|on|off&#8221; admin_label=&#8221;CABECERA PARA PC SOBREMESA&#8221; _builder_version=&#8221;4.19.1&#8243; _module_preset=&#8221;default&#8221; custom_margin=&#8221;||6px|||&#8221; custom_padding=&#8221;0px|||||&#8221; saved_tabs=&#8221;all&#8221; collapsed=&#8221;on&#8221; global_colors_info=&#8221;{}&#8221;][et_pb_row _builder_version=&#8221;4.19.1&#8243; _module_preset=&#8221;default&#8221; width=&#8221;100%&#8221; custom_padding=&#8221;0px|||||&#8221; global_colors_info=&#8221;{}&#8221;][et_pb_column type=&#8221;4_4&#8243; _builder_version=&#8221;4.19.1&#8243; _module_preset=&#8221;default&#8221; global_colors_info=&#8221;{}&#8221;][et_pb_image src=&#8221;https:\/\/turismosiruela.es\/wp-content\/uploads\/2023\/07\/pc-to-app_.jpg&#8221; title_text=&#8221;pc to app_&#8221; align=&#8221;center&#8221; _builder_version=&#8221;4.19.1&#8243; _module_preset=&#8221;default&#8221; border_radii=&#8221;on|15px|15px|15px|15px&#8221; box_shadow_style=&#8221;preset2&#8243; global_colors_info=&#8221;{}&#8221;][\/et_pb_image][et_pb_text _builder_version=&#8221;4.19.1&#8243; _module_preset=&#8221;default&#8221; global_colors_info=&#8221;{}&#8221;]<\/p>\n<p style=\"text-align: center;\">Para disfrutar del contenido accede a esta url a trav\u00e9s de un dispositivo m\u00f3vil (smartphone o tablet).<\/p>\n<p style=\"text-align: center;\">Est\u00e1 dise\u00f1ado para vivirlo directamente en Siruela. Por ello la mayor\u00eda del contenido estar\u00e1 disponible en tu visita a nuestro pueblo. Ser\u00e1 una gran experiencia. \u00a1Ven, te estamos esperando!<\/p>\n<p style=\"text-align: center;\">[\/et_pb_text][et_pb_divider show_divider=&#8221;off&#8221; _builder_version=&#8221;4.19.1&#8243; _module_preset=&#8221;default&#8221; global_colors_info=&#8221;{}&#8221;][\/et_pb_divider][\/et_pb_column][\/et_pb_row][et_pb_row _builder_version=&#8221;4.19.1&#8243; _module_preset=&#8221;default&#8221; background_color=&#8221;RGBA(255,255,255,0)&#8221; custom_margin=&#8221;0px||||false|false&#8221; custom_padding=&#8221;0px|||||&#8221; global_colors_info=&#8221;{}&#8221;][et_pb_column type=&#8221;4_4&#8243; _builder_version=&#8221;4.19.1&#8243; _module_preset=&#8221;default&#8221; global_colors_info=&#8221;{}&#8221;][et_pb_button button_url=&#8221;https:\/\/www.google.com\/maps\/place\/Ayuntamiento+de+Siruela\/@38.9758343,-5.0501159,19z\/data=!3m1!5s0xd6b334f7b75301f:0x93b492205f36f04b!4m12!1m5!3m4!2zMzjCsDU3JzIyLjUiTiA0wrA1NCczNy45Ilc!8m2!3d38.95625!4d-4.9105278!3m5!1s0xd6b334f62b3f3fb:0x407a1c6da61ab993!8m2!3d38.9756533!4d-5.0497011!16s%2Fg%2F12qglgw2l?entry=ttu&#8221; button_text=&#8221;D\u00d3NDE ESTAMOS&#8221; button_alignment=&#8221;center&#8221; _builder_version=&#8221;4.19.1&#8243; _module_preset=&#8221;default&#8221; custom_margin=&#8221;-17px|||||&#8221; global_colors_info=&#8221;{}&#8221;][\/et_pb_button][et_pb_divider show_divider=&#8221;off&#8221; _builder_version=&#8221;4.19.1&#8243; _module_preset=&#8221;default&#8221; global_colors_info=&#8221;{}&#8221;][\/et_pb_divider][et_pb_text _builder_version=&#8221;4.19.1&#8243; _module_preset=&#8221;default&#8221; global_colors_info=&#8221;{}&#8221;]<\/p>\n<p style=\"text-align: center;\">Un aperitivo de lo que encontrar\u00e1s en Siruela:<\/p>\n<p>[\/et_pb_text][et_pb_gallery gallery_ids=&#8221;3318,3338,3242,3329&#8243; show_title_and_caption=&#8221;off&#8221; show_pagination=&#8221;off&#8221; _builder_version=&#8221;4.19.1&#8243; _module_preset=&#8221;default&#8221; pagination_font_size=&#8221;14px&#8221; border_radii_image=&#8221;on|15px|15px|15px|15px&#8221; box_shadow_style_image=&#8221;preset2&#8243; global_colors_info=&#8221;{}&#8221;][\/et_pb_gallery][\/et_pb_column][\/et_pb_row][\/et_pb_section][et_pb_section fb_built=&#8221;1&#8243; disabled_on=&#8221;off|off|on&#8221; _builder_version=&#8221;4.19.1&#8243; _module_preset=&#8221;default&#8221; custom_padding=&#8221;0px|||||&#8221; collapsed=&#8221;off&#8221; global_colors_info=&#8221;{}&#8221;][et_pb_row _builder_version=&#8221;4.19.1&#8243; _module_preset=&#8221;default&#8221; width=&#8221;100%&#8221; custom_padding=&#8221;0px|||||&#8221; global_colors_info=&#8221;{}&#8221;][et_pb_column type=&#8221;4_4&#8243; _builder_version=&#8221;4.19.1&#8243; _module_preset=&#8221;default&#8221; global_colors_info=&#8221;{}&#8221;][et_pb_image src=&#8221;https:\/\/turismosiruela.es\/wp-content\/uploads\/2023\/07\/4_TURISTICO.jpg&#8221; title_text=&#8221;4_TURISTICO&#8221; align=&#8221;center&#8221; _builder_version=&#8221;4.19.1&#8243; _module_preset=&#8221;default&#8221; global_colors_info=&#8221;{}&#8221;][\/et_pb_image][\/et_pb_column][\/et_pb_row][et_pb_row _builder_version=&#8221;4.19.1&#8243; _module_preset=&#8221;default&#8221; custom_padding=&#8221;0px|||||&#8221; global_colors_info=&#8221;{}&#8221;][et_pb_column type=&#8221;4_4&#8243; _builder_version=&#8221;4.19.1&#8243; _module_preset=&#8221;default&#8221; global_colors_info=&#8221;{}&#8221;][et_pb_text _builder_version=&#8221;4.19.1&#8243; _module_preset=&#8221;default&#8221; global_colors_info=&#8221;{}&#8221;]<\/p>\n<p>El conjunto arquitect\u00f3nico que encontrar\u00e1s en Siruela abarca desde las ruinas de una fortaleza templaria del bajo medievo, hasta la torre del reloj que lleva marcando las horas de nuestro pueblo desde mediados del siglo pasado. \u00a1Descubre que tienen que contarte!<\/p>\n<p>[\/et_pb_text][et_pb_image src=&#8221;https:\/\/turismosiruela.es\/wp-content\/uploads\/2023\/07\/139_.jpg&#8221; title_text=&#8221;_-139_&#8221; align=&#8221;center&#8221; _builder_version=&#8221;4.19.1&#8243; _module_preset=&#8221;default&#8221; border_radii=&#8221;on|15px|15px|15px|15px&#8221; box_shadow_style=&#8221;preset2&#8243; global_colors_info=&#8221;{}&#8221;][\/et_pb_image][et_pb_text _builder_version=&#8221;4.19.1&#8243; _module_preset=&#8221;default&#8221; global_colors_info=&#8221;{}&#8221;]<\/p>\n<p>A continuaci\u00f3n te posicionamos en el mapa cada uno de los elementos y a continuaci\u00f3n encontrar\u00e1s unas l\u00edneas respecto a cada uno de ellos:<\/p>\n<p>[\/et_pb_text][\/et_pb_column][\/et_pb_row][et_pb_row _builder_version=&#8221;4.19.1&#8243; _module_preset=&#8221;default&#8221; custom_padding=&#8221;0px|||||&#8221; global_colors_info=&#8221;{}&#8221;][et_pb_column type=&#8221;4_4&#8243; _builder_version=&#8221;4.19.1&#8243; _module_preset=&#8221;default&#8221; global_colors_info=&#8221;{}&#8221;][et_pb_accordion open_toggle_text_color=&#8221;#382b1c&#8221; closed_toggle_background_color=&#8221;rgba(56,131,193,0.2)&#8221; _builder_version=&#8221;4.19.1&#8243; _module_preset=&#8221;default&#8221; custom_margin=&#8221;10px||||false|false&#8221; hover_enabled=&#8221;0&#8243; border_radii=&#8221;on|15px|15px|15px|15px&#8221; box_shadow_style=&#8221;preset2&#8243; global_module=&#8221;3303&#8243; saved_tabs=&#8221;all&#8221; global_colors_info=&#8221;{}&#8221; sticky_enabled=&#8221;0&#8243;][et_pb_accordion_item title=&#8221;Ayuntamiento&#8221; _builder_version=&#8221;4.19.1&#8243; _module_preset=&#8221;default&#8221; global_colors_info=&#8221;{}&#8221; open=&#8221;off&#8221;]<\/p>\n<p>En pleno coraz\u00f3n del pueblo se abre la plaza de Espa\u00f1a, la cual destaca por su amplitud y por la belleza de su patrimonio arquitect\u00f3nico. Tambi\u00e9n encontramos en ella edificios p\u00fablicos como son el Ayuntamiento, la Polic\u00eda Local y el Juzgado de Paz.<\/p>\n<p style=\"text-align: center;\"><img loading=\"lazy\" decoding=\"async\" class=\"wp-image-937 alignnone size-medium\" src=\"https:\/\/turismosiruela.es\/wp-content\/uploads\/2023\/07\/137_.jpg\" alt=\"\" width=\"300\" height=\"200\" \/><\/p>\n<p>[\/et_pb_accordion_item][et_pb_accordion_item title=&#8221;Torre del Reloj&#8221; _builder_version=&#8221;4.19.1&#8243; _module_preset=&#8221;default&#8221; global_colors_info=&#8221;{}&#8221; open=&#8221;off&#8221;]<\/p>\n<p>Custodiada por las cig\u00fce\u00f1as que en ella anidan, la Torre del Reloj se alza majestuosa junto a dos arcos de medio punto, siendo este conjunto parte del anterior escudo municipal. De forma cuadrada, fue construida de mamposter\u00eda y ladrillo en el a\u00f1o 1953 y en su parte superior cuenta con un campanario.<\/p>\n<p style=\"text-align: center;\"><img loading=\"lazy\" decoding=\"async\" class=\"wp-image-937 alignnone size-medium\" src=\"https:\/\/turismosiruela.es\/wp-content\/uploads\/2023\/07\/Torre-reloj_.jpg\" alt=\"\" width=\"300\" height=\"200\" \/><\/p>\n<p>[\/et_pb_accordion_item][et_pb_accordion_item title=&#8221;La Fuente&#8221; _builder_version=&#8221;4.19.1&#8243; _module_preset=&#8221;default&#8221; global_colors_info=&#8221;{}&#8221; open=&#8221;off&#8221;]<\/p>\n<p>Hacia finales del siglo XV, un rudimentario pil\u00f3n acercaba el agua al pueblo. M\u00e1s tarde, pas\u00f3 a ser una fuente de cuatro ca\u00f1os, mandada construir por el Conde de Siruela Don Gabriel de Velasco y de la Cueva en 1604, para suministrar el agua potable. Finalmente, esta fuente fue sustituida por la actual, de forma octogonal y con un ca\u00f1o a cada lado, cuyo material principal es el granito.<\/p>\n<p style=\"text-align: center;\"><img loading=\"lazy\" decoding=\"async\" class=\"wp-image-937 alignnone size-medium\" src=\"https:\/\/turismosiruela.es\/wp-content\/uploads\/2023\/07\/141_.jpg\" alt=\"\" width=\"300\" height=\"200\" \/><\/p>\n<p>[\/et_pb_accordion_item][et_pb_accordion_item title=&#8221;Estatua D. Jos\u00e9 Moreno Nieto&#8221; open=&#8221;off&#8221; _builder_version=&#8221;4.19.1&#8243; _module_preset=&#8221;default&#8221; global_colors_info=&#8221;{}&#8221;]Mirando hacia el Ayuntamiento se sit\u00faa la estatua erigida en honor de D. Jos\u00e9 Moreno Nieto. Nacido en Siruela en el a\u00f1o 1825, escritor, pol\u00edtico y reputado arabista, particip\u00f3 en la traducci\u00f3n de las inscripciones \u00e1rabes de la Alhambra de Granada. Fue elegido rector d\u00e9 la Universidad Central de Madrid, presidente del Ateneo de Madrid y diputado a Cortes por Granada y Badajoz.<br \/>\nFue nombrado hijo ilustre de la villa por haber defendido los intereses del pueblo en el pleito contra los condes por la Dehesa de Siruela.<\/p>\n<p style=\"text-align: center;\"><img loading=\"lazy\" decoding=\"async\" class=\"wp-image-937 alignnone size-medium\" src=\"https:\/\/turismosiruela.es\/wp-content\/uploads\/2023\/07\/168_.jpg\" alt=\"\" width=\"300\" height=\"200\" \/><\/p>\n<p>[\/et_pb_accordion_item][et_pb_accordion_item title=&#8221;Ermita Virgen de Altagracia&#8221; _builder_version=&#8221;4.19.1&#8243; _module_preset=&#8221;default&#8221; global_colors_info=&#8221;{}&#8221; open=&#8221;off&#8221;]<\/p>\n<p>A tan solo dos kil\u00f3metros del pueblo, sobre la falda de la sierra, se encuentra uno de los parajes de mayor belleza de toda la comarca. A ella se acercan a diario tanto fieles como personas que buscan un rinconcito de tranquilidad. El agua que baja de la sierra sirve para refrescar al caminante y para alimentar las ricas tierras que la rodean. En ellas, abundan \u00e1rboles y arbustos como el quejigo, el madro\u00f1o, la zarzamora o el arom\u00e1tico romero, adem\u00e1s de productivas huertas, lo que da lugar a una variedad crom\u00e1tica y arom\u00e1tica \u00fanica para los sentidos.<\/p>\n<p style=\"text-align: center;\"><img loading=\"lazy\" decoding=\"async\" class=\"wp-image-937 alignnone size-medium\" src=\"https:\/\/turismosiruela.es\/wp-content\/uploads\/2023\/07\/Ermita_.jpg\" alt=\"\" width=\"300\" height=\"200\" \/><\/p>\n<p>Debido a los cambios que ha sufrido a lo largo del tiempo, el edificio no puede clasificarse en un estilo arquitect\u00f3nico \u00fanico, conservando elementos de distintas \u00e9pocas. As\u00ed encontramos unos robustos contrafuertes rom\u00e1nicos que delatan su origen como construcci\u00f3n fortificada. La Capilla Mayor es de principios del siglo XVI, en la que cabe destacar los frescos de la b\u00f3veda realizados aproximadamente en el siglo XVII\n<\/p>\n<p>[\/et_pb_accordion_item][et_pb_accordion_item title=&#8221;Convento de Clausura Papal&#8221; _builder_version=&#8221;4.19.1&#8243; _module_preset=&#8221;default&#8221; hover_enabled=&#8221;0&#8243; global_colors_info=&#8221;{}&#8221; open=&#8221;on&#8221; sticky_enabled=&#8221;0&#8243;]Fundado en el a\u00f1o 1300 como beaterio, no fue hasta mediados del siglo XVI cuando pas\u00f3 a ser convento. Para la construcci\u00f3n de la Capilla Mayor tuvo un papel fundamental Do\u00f1a Leonor de Velasco, hija del V Conde de Siruela D. Gabriel de Velasco y de la Cueva, ya que dej\u00f3 recogido en su testamento, fechado en 1621, su deseo de ser enterrada en ella. La capilla responde al estilo cl\u00e1sico del siglo XVII como ocurre tambi\u00e9n con el retablo, de talla dorada y de orden corintio.<\/p>\n<p style=\"text-align: center;\"><img loading=\"lazy\" decoding=\"async\" class=\"wp-image-937 alignnone size-medium\" src=\"https:\/\/turismosiruela.es\/wp-content\/uploads\/2023\/08\/Sin-titulo-.jpg\" alt=\"\" width=\"300\" height=\"200\" \/><\/p>\n<p>[\/et_pb_accordion_item][et_pb_accordion_item title=&#8221;El Perulero&#8221; _builder_version=&#8221;4.19.1&#8243; _module_preset=&#8221;default&#8221; global_colors_info=&#8221;{}&#8221; open=&#8221;off&#8221;]<\/p>\n<p>El edificio que se conserva corresponde con la antigua capilla del Hospital de San Francisco. La portada es de estilo Neocl\u00e1sico, en la que destacan las columnas de granito a ambos lados de la puerta. Sobre ella, se presenta un escudo con tres fajas de pico y una flor de lis, Actualmente es el Centro Cultural Francisco de Bargas El Perulero, en el que se dan cita a lo largo del a\u00f1o obras de teatro, conciertos, exposiciones y otros eventos culturales.<\/p>\n<p style=\"text-align: center;\"><img loading=\"lazy\" decoding=\"async\" class=\"wp-image-937 alignnone size-medium\" src=\"https:\/\/turismosiruela.es\/wp-content\/uploads\/2023\/07\/Perulero_.jpg\" alt=\"\" width=\"300\" height=\"200\" \/><\/p>\n<p>[\/et_pb_accordion_item][et_pb_accordion_item title=&#8221;Iglesia Virgen La Antigua&#8221; _builder_version=&#8221;4.19.1&#8243; _module_preset=&#8221;default&#8221; global_colors_info=&#8221;{}&#8221; open=&#8221;off&#8221;]<\/p>\n<p>Data posiblemente del a\u00f1o 1250. Edificaci\u00f3n de mamposter\u00eda y ladrillo, su f\u00e1brica corresponde al estilo rom\u00e1nico de transici\u00f3n, acusando m\u00e1s el estilo g\u00f3tico. Tambi\u00e9n posee restos de arquitectura mud\u00e9jar como son un arco de herradura y un bello artesonado. El crucero est\u00e1 sujeto por nervaduras de piedra, t\u00edpicas de b\u00f3vedas de crucer\u00eda. En la estructura exterior se observa tambi\u00e9n un torre\u00f3n, que parece ser estaba almenado, lo que hace pensar a algunos en un templo-fortaleza por influencia de los templarios.<\/p>\n<p style=\"text-align: center;\"><img loading=\"lazy\" decoding=\"async\" class=\"wp-image-937 alignnone size-medium\" src=\"https:\/\/turismosiruela.es\/wp-content\/uploads\/2023\/07\/134_.jpg\" alt=\"\" width=\"300\" height=\"200\" \/><\/p>\n<p>Ya en su interior, la nave central posee un bello artesonado de madera con filigrana de estrella. Una de las capillas laterales est\u00e1 dedicada a la Inmaculada Concepci\u00f3n, de estilo neocl\u00e1sico y con c\u00fapula octogonal art\u00edstica. La otra capilla es de construcci\u00f3n moderna con arcos de medio ca\u00f1\u00f3n.\n<\/p>\n<p>[\/et_pb_accordion_item][et_pb_accordion_item title=&#8221;Castillo de Siruela&#8221; _builder_version=&#8221;4.19.1&#8243; _module_preset=&#8221;default&#8221; global_colors_info=&#8221;{}&#8221; open=&#8221;off&#8221;]Seg\u00fan la prestigiosa <a href=\"https:\/\/www.guiarepsol.com\/es\/fichas\/monumento\/castillo-de-siruela-181954\/\">Gu\u00eda Michel\u00edn<\/a>, el castillo fue construido en el siglo XIII pero su f\u00e1brica fue demolida en el XIV. Este castillo fue construido en el siglo XIII pero su f\u00e1brica fue demolida en el XIV porque se convirti\u00f3 en un refugio para los bandoleros.<\/p>\n<p style=\"text-align: center;\"><img loading=\"lazy\" decoding=\"async\" class=\"wp-image-937 alignnone size-medium\" src=\"https:\/\/turismosiruela.es\/wp-content\/uploads\/2023\/07\/RUINAS-CASTILLO_.jpg\" alt=\"\" width=\"300\" height=\"200\" \/><\/p>\n<p>[\/et_pb_accordion_item][et_pb_accordion_item title=&#8221;Palacio de los duques de Fern\u00e1n Nu\u00f1ez&#8221; _builder_version=&#8221;4.19.1&#8243; _module_preset=&#8221;default&#8221; global_colors_info=&#8221;{}&#8221; open=&#8221;off&#8221;]<\/p>\n<p>Presidiendo la plaza, encontramos el Palacio de los Duques de Fern\u00e1nN\u00fa\u00f1ez, del siglo XVII. Con un marcado car\u00e1cter se\u00f1orial, el edificio est\u00e1 formado por dos plantas, siendo su fachada de influencia barroca y su portada dieciochesca. Destaca la ornamentaci\u00f3n de la entrada, formada por un relieve imitando dos columnas, repitiendo esta misma estructura en la planta primera y terminando \u00e9sta con cornisa semicircular, destacando en su parte central escudo nobiliario.<\/p>\n<p style=\"text-align: center;\"><img loading=\"lazy\" decoding=\"async\" class=\"wp-image-937 alignnone size-medium\" src=\"https:\/\/turismosiruela.es\/wp-content\/uploads\/2023\/07\/20141217201122_.jpg\" alt=\"\" width=\"300\" height=\"200\" \/><\/p>\n<p>[\/et_pb_accordion_item][\/et_pb_accordion][\/et_pb_column][\/et_pb_row][et_pb_row _builder_version=&#8221;4.19.1&#8243; _module_preset=&#8221;default&#8221; custom_padding=&#8221;0px|||||&#8221; global_colors_info=&#8221;{}&#8221;][et_pb_column type=&#8221;4_4&#8243; _builder_version=&#8221;4.19.1&#8243; _module_preset=&#8221;default&#8221; global_colors_info=&#8221;{}&#8221;][et_pb_text _builder_version=&#8221;4.19.1&#8243; _module_preset=&#8221;default&#8221; global_colors_info=&#8221;{}&#8221;]<\/p>\n<p>De inter\u00e9s tur\u00edstico, aunque no oficialmente, son sus fiestas y celebraciones, en las cuales se acoge a los visitantes con alegr\u00eda y confianza para disfrute de todos.<\/p>\n<p>[\/et_pb_text][et_pb_image src=&#8221;https:\/\/turismosiruela.es\/wp-content\/uploads\/2023\/08\/171.jpg&#8221; title_text=&#8221;_-171&#8243; align=&#8221;center&#8221; _builder_version=&#8221;4.19.1&#8243; _module_preset=&#8221;default&#8221; hover_enabled=&#8221;0&#8243; border_radii=&#8221;on|15px|15px|15px|15px&#8221; box_shadow_style=&#8221;preset2&#8243; global_colors_info=&#8221;{}&#8221; sticky_enabled=&#8221;0&#8243;][\/et_pb_image][et_pb_text _builder_version=&#8221;4.19.1&#8243; _module_preset=&#8221;default&#8221; global_colors_info=&#8221;{}&#8221;]<\/p>\n<p>Adem\u00e1s, recorre cualquiera de nuestros caminos para vivir una experiencia \u00fanica, porque cada minuto del d\u00eda genera situaciones m\u00e1gicas en cada uno de los rincones de nuestro municipio.<\/p>\n<p>[\/et_pb_text][et_pb_image src=&#8221;https:\/\/turismosiruela.es\/wp-content\/uploads\/2023\/07\/146_.jpg&#8221; title_text=&#8221;_-146_&#8221; align=&#8221;center&#8221; _builder_version=&#8221;4.19.1&#8243; _module_preset=&#8221;default&#8221; border_radii=&#8221;on|15px|15px|15px|15px&#8221; box_shadow_style=&#8221;preset2&#8243; global_colors_info=&#8221;{}&#8221;][\/et_pb_image][\/et_pb_column][\/et_pb_row][et_pb_row _builder_version=&#8221;4.19.1&#8243; _module_preset=&#8221;default&#8221; background_color=&#8221;#FFFFFF&#8221; positioning=&#8221;fixed&#8221; position_origin_f=&#8221;bottom_center&#8221; z_index=&#8221;500&#8243; width=&#8221;100%&#8221; max_width=&#8221;2560px&#8221; height=&#8221;70px&#8221; global_colors_info=&#8221;{}&#8221;][et_pb_column type=&#8221;4_4&#8243; _builder_version=&#8221;4.19.1&#8243; _module_preset=&#8221;default&#8221; global_colors_info=&#8221;{}&#8221;][et_pb_code _builder_version=&#8221;4.19.1&#8243; _module_preset=&#8221;default&#8221; positioning=&#8221;fixed&#8221; position_origin_f=&#8221;bottom_center&#8221; vertical_offset=&#8221;10px&#8221; z_index=&#8221;500&#8243; text_orientation=&#8221;center&#8221; global_colors_info=&#8221;{}&#8221;]<\/p>\n<div class=\"et_pb_button_module_wrapper et_pb_button_0_wrapper et_pb_module\"><!-- [et_pb_line_break_holder] -->\t<a class=\"et_pb_button et_pb_button_0 et_pb_bg_layout_light\" href=\"javascript: history.go(-1)\">Atr\u00e1s<\/a><!-- [et_pb_line_break_holder] --><\/div>\n<p>[\/et_pb_code][\/et_pb_column][\/et_pb_row][\/et_pb_section]<\/p>\n","protected":false},"excerpt":{"rendered":"<p>Para disfrutar del contenido accede a esta url a trav\u00e9s de un dispositivo m\u00f3vil (smartphone o tablet). Est\u00e1 dise\u00f1ado para vivirlo directamente en Siruela. Por ello la mayor\u00eda del contenido estar\u00e1 disponible en tu visita a nuestro pueblo. Ser\u00e1 una gran experiencia. \u00a1Ven, te estamos esperando! Un aperitivo de lo que encontrar\u00e1s en Siruela:El conjunto [&hellip;]<\/p>\n","protected":false},"author":2,"featured_media":0,"parent":0,"menu_order":0,"comment_status":"closed","ping_status":"closed","template":"","meta":{"_acf_changed":false,"_et_pb_use_builder":"on","_et_pb_old_content":"","_et_gb_content_width":"","footnotes":""},"class_list":["post-3253","page","type-page","status-publish","hentry"],"acf":[],"_links":{"self":[{"href":"https:\/\/turismosiruela.es\/index.php?rest_route=\/wp\/v2\/pages\/3253","targetHints":{"allow":["GET"]}}],"collection":[{"href":"https:\/\/turismosiruela.es\/index.php?rest_route=\/wp\/v2\/pages"}],"about":[{"href":"https:\/\/turismosiruela.es\/index.php?rest_route=\/wp\/v2\/types\/page"}],"author":[{"embeddable":true,"href":"https:\/\/turismosiruela.es\/index.php?rest_route=\/wp\/v2\/users\/2"}],"replies":[{"embeddable":true,"href":"https:\/\/turismosiruela.es\/index.php?rest_route=%2Fwp%2Fv2%2Fcomments&post=3253"}],"version-history":[{"count":18,"href":"https:\/\/turismosiruela.es\/index.php?rest_route=\/wp\/v2\/pages\/3253\/revisions"}],"predecessor-version":[{"id":3645,"href":"https:\/\/turismosiruela.es\/index.php?rest_route=\/wp\/v2\/pages\/3253\/revisions\/3645"}],"wp:attachment":[{"href":"https:\/\/turismosiruela.es\/index.php?rest_route=%2Fwp%2Fv2%2Fmedia&parent=3253"}],"curies":[{"name":"wp","href":"https:\/\/api.w.org\/{rel}","templated":true}]}}