{"id":2998,"date":"2023-03-20T04:37:00","date_gmt":"2023-03-20T03:37:00","guid":{"rendered":"https:\/\/turismobaterno.es\/?page_id=2998"},"modified":"2023-08-01T12:55:44","modified_gmt":"2023-08-01T11:55:44","slug":"creditos","status":"publish","type":"page","link":"https:\/\/turismosiruela.es\/?page_id=2998","title":{"rendered":"Cr\u00e9ditos_Informaci\u00f3n"},"content":{"rendered":"<p>[et_pb_section fb_built=&#8221;1&#8243; disabled_on=&#8221;on|on|off&#8221; admin_label=&#8221;CABECERA PARA PC SOBREMESA SIRUELA&#8221; _builder_version=&#8221;4.19.1&#8243; _module_preset=&#8221;default&#8221; custom_margin=&#8221;||6px|||&#8221; custom_padding=&#8221;0px|||||&#8221; saved_tabs=&#8221;all&#8221; collapsed=&#8221;on&#8221; global_colors_info=&#8221;{}&#8221;][et_pb_row _builder_version=&#8221;4.19.1&#8243; _module_preset=&#8221;default&#8221; width=&#8221;100%&#8221; custom_padding=&#8221;0px|||||&#8221; global_colors_info=&#8221;{}&#8221;][et_pb_column type=&#8221;4_4&#8243; _builder_version=&#8221;4.19.1&#8243; _module_preset=&#8221;default&#8221; global_colors_info=&#8221;{}&#8221;][et_pb_image src=&#8221;https:\/\/turismosiruela.es\/wp-content\/uploads\/2023\/07\/pc-to-app_.jpg&#8221; title_text=&#8221;pc to app_&#8221; align=&#8221;center&#8221; _builder_version=&#8221;4.19.1&#8243; _module_preset=&#8221;default&#8221; border_radii=&#8221;on|15px|15px|15px|15px&#8221; box_shadow_style=&#8221;preset2&#8243; global_colors_info=&#8221;{}&#8221;][\/et_pb_image][et_pb_text _builder_version=&#8221;4.19.1&#8243; _module_preset=&#8221;default&#8221; global_colors_info=&#8221;{}&#8221;]<\/p>\n<p style=\"text-align: center;\">Para disfrutar del contenido accede a esta url a trav\u00e9s de un dispositivo m\u00f3vil (smartphone o tablet).<\/p>\n<p style=\"text-align: center;\">Est\u00e1 dise\u00f1ado para vivirlo directamente en Siruela. Por ello la mayor\u00eda del contenido estar\u00e1 disponible en tu visita a nuestro pueblo. Ser\u00e1 una gran experiencia. \u00a1Ven, te estamos esperando!<\/p>\n<p style=\"text-align: center;\">[\/et_pb_text][et_pb_divider show_divider=&#8221;off&#8221; _builder_version=&#8221;4.19.1&#8243; _module_preset=&#8221;default&#8221; global_colors_info=&#8221;{}&#8221;][\/et_pb_divider][\/et_pb_column][\/et_pb_row][et_pb_row _builder_version=&#8221;4.19.1&#8243; _module_preset=&#8221;default&#8221; background_color=&#8221;RGBA(255,255,255,0)&#8221; custom_margin=&#8221;0px||||false|false&#8221; custom_padding=&#8221;0px|||||&#8221; global_colors_info=&#8221;{}&#8221;][et_pb_column type=&#8221;4_4&#8243; _builder_version=&#8221;4.19.1&#8243; _module_preset=&#8221;default&#8221; global_colors_info=&#8221;{}&#8221;][et_pb_button button_url=&#8221;https:\/\/www.google.com\/maps\/place\/Ayuntamiento+de+Siruela\/@38.9758343,-5.0501159,19z\/data=!3m1!5s0xd6b334f7b75301f:0x93b492205f36f04b!4m12!1m5!3m4!2zMzjCsDU3JzIyLjUiTiA0wrA1NCczNy45Ilc!8m2!3d38.95625!4d-4.9105278!3m5!1s0xd6b334f62b3f3fb:0x407a1c6da61ab993!8m2!3d38.9756533!4d-5.0497011!16s%2Fg%2F12qglgw2l?entry=ttu&#8221; button_text=&#8221;D\u00d3NDE ESTAMOS&#8221; button_alignment=&#8221;center&#8221; _builder_version=&#8221;4.19.1&#8243; _module_preset=&#8221;default&#8221; custom_margin=&#8221;-17px|||||&#8221; global_colors_info=&#8221;{}&#8221;][\/et_pb_button][et_pb_divider show_divider=&#8221;off&#8221; _builder_version=&#8221;4.19.1&#8243; _module_preset=&#8221;default&#8221; global_colors_info=&#8221;{}&#8221;][\/et_pb_divider][et_pb_text _builder_version=&#8221;4.19.1&#8243; _module_preset=&#8221;default&#8221; global_colors_info=&#8221;{}&#8221;]<\/p>\n<p style=\"text-align: center;\">Un aperitivo de lo que encontrar\u00e1s en Siruela:<\/p>\n<p>[\/et_pb_text][et_pb_gallery gallery_ids=&#8221;3318,3338,3242,3329&#8243; show_title_and_caption=&#8221;off&#8221; show_pagination=&#8221;off&#8221; _builder_version=&#8221;4.19.1&#8243; _module_preset=&#8221;default&#8221; pagination_font_size=&#8221;14px&#8221; border_radii_image=&#8221;on|15px|15px|15px|15px&#8221; box_shadow_style_image=&#8221;preset2&#8243; global_colors_info=&#8221;{}&#8221;][\/et_pb_gallery][\/et_pb_column][\/et_pb_row][\/et_pb_section][et_pb_section fb_built=&#8221;1&#8243; disabled_on=&#8221;off|off|off&#8221; _builder_version=&#8221;4.19.1&#8243; _module_preset=&#8221;default&#8221; custom_padding=&#8221;0px|||||&#8221; collapsed=&#8221;off&#8221; global_colors_info=&#8221;{}&#8221;][et_pb_row _builder_version=&#8221;4.19.1&#8243; _module_preset=&#8221;default&#8221; width=&#8221;100%&#8221; global_colors_info=&#8221;{}&#8221;][et_pb_column type=&#8221;4_4&#8243; _builder_version=&#8221;4.19.1&#8243; _module_preset=&#8221;default&#8221; global_colors_info=&#8221;{}&#8221;][et_pb_image src=&#8221;https:\/\/turismosiruela.es\/wp-content\/uploads\/2023\/07\/CABECERA_SIRUELA_3-1.png&#8221; title_text=&#8221;CABECERA_SIRUELA_3&#8243; force_fullwidth=&#8221;on&#8221; _builder_version=&#8221;4.19.1&#8243; _module_preset=&#8221;default&#8221; global_colors_info=&#8221;{}&#8221;][\/et_pb_image][\/et_pb_column][\/et_pb_row][et_pb_row _builder_version=&#8221;4.19.1&#8243; _module_preset=&#8221;default&#8221; global_colors_info=&#8221;{}&#8221;][et_pb_column type=&#8221;4_4&#8243; _builder_version=&#8221;4.19.1&#8243; _module_preset=&#8221;default&#8221; global_colors_info=&#8221;{}&#8221;][et_pb_image src=&#8221;https:\/\/turismosiruela.es\/wp-content\/uploads\/2023\/07\/ANUNCIO-ayudas-1-scaled.jpg&#8221; title_text=&#8221;ANUNCIO ayudas 1&#8243; _builder_version=&#8221;4.19.1&#8243; _module_preset=&#8221;default&#8221; global_colors_info=&#8221;{}&#8221;][\/et_pb_image][et_pb_image src=&#8221;https:\/\/turismosiruela.es\/wp-content\/uploads\/2023\/07\/ANUNCIO-ayudas-2-scaled.jpg&#8221; title_text=&#8221;ANUNCIO ayudas 2&#8243; _builder_version=&#8221;4.19.1&#8243; _module_preset=&#8221;default&#8221; global_colors_info=&#8221;{}&#8221;][\/et_pb_image][et_pb_text _builder_version=&#8221;4.19.1&#8243; _module_preset=&#8221;default&#8221; global_colors_info=&#8221;{}&#8221;]<\/p>\n<h3><strong>Informaci\u00f3n:<br \/><\/strong><\/h3>\n<p><strong><\/strong><\/p>\n<p><a href=\"https:\/\/turismosiruela.es\/?page_id=3601\"><strong>Aviso legal.<\/strong><\/a><\/p>\n<p><a href=\"https:\/\/www.dip-badajoz.es\/info\/index.php?id=protecciondatos\"><strong>Protecci\u00f3n de Datos.<\/strong><\/a><\/p>\n<p>[\/et_pb_text][et_pb_text _builder_version=&#8221;4.19.1&#8243; _module_preset=&#8221;default&#8221; global_colors_info=&#8221;{}&#8221;]<\/p>\n<h3><strong>Con el apoyo de:<\/strong><\/h3>\n<p>[\/et_pb_text][et_pb_image src=&#8221;https:\/\/turismosiruela.es\/wp-content\/uploads\/2023\/08\/Blanco-Coral-Minimalista-Bombilla-Tierra-Hora-Instagram-Publicacion_.png&#8221; title_text=&#8221;Blanco Coral Minimalista Bombilla Tierra Hora Instagram Publicaci\u00f3n_&#8221; _builder_version=&#8221;4.19.1&#8243; _module_preset=&#8221;default&#8221; hover_enabled=&#8221;0&#8243; border_radii=&#8221;on|15px|15px|15px|15px&#8221; box_shadow_style=&#8221;preset2&#8243; global_colors_info=&#8221;{}&#8221; sticky_enabled=&#8221;0&#8243;][\/et_pb_image][et_pb_text _builder_version=&#8221;4.19.1&#8243; _module_preset=&#8221;default&#8221; global_colors_info=&#8221;{}&#8221;]<\/p>\n<h3><strong>Agradecimientos:<\/strong><\/h3>\n<p>[\/et_pb_text][et_pb_code _builder_version=&#8221;4.19.1&#8243; _module_preset=&#8221;default&#8221; hover_enabled=&#8221;0&#8243; global_colors_info=&#8221;{}&#8221; sticky_enabled=&#8221;0&#8243;]<head><!-- [et_pb_line_break_holder] -->    <\/p>\n<style><!-- [et_pb_line_break_holder] -->    ul {<!-- [et_pb_line_break_holder] -->      list-style-type: none;<!-- [et_pb_line_break_holder] -->      padding: 0;<!-- [et_pb_line_break_holder] -->      margin: 0;<!-- [et_pb_line_break_holder] -->    }<!-- [et_pb_line_break_holder] -->    ul.b {<!-- [et_pb_line_break_holder] -->      list-style-position: inside;<!-- [et_pb_line_break_holder] -->    }<!-- [et_pb_line_break_holder] -->    lu {<!-- [et_pb_line_break_holder] -->      background: url('https:\/\/turismobaterno.es\/wp-content\/uploads\/2023\/02\/Baterno_ico_15.png') no-repeat left center;<!-- [et_pb_line_break_holder] -->      padding-left: 25px;<!-- [et_pb_line_break_holder] -->    }  <!-- [et_pb_line_break_holder] -->    <!-- [et_pb_line_break_holder] -->    <\/style>\n<p><!-- [et_pb_line_break_holder] --><\/head><!-- [et_pb_line_break_holder] --><body><!-- [et_pb_line_break_holder] -->     <!-- [et_pb_line_break_holder] -->  <\/p>\n<ul class=\"b\"><!-- [et_pb_line_break_holder] -->        <!-- [et_pb_line_break_holder] -->        <lu>A Luc\u00eda Merch\u00e1n por las im\u00e1genes aportadas de Siruela y sus gentes.<\/lu><!\u2013- [et_pb_br_holder] -\u2013><!-- [et_pb_line_break_holder] -->        <lu>A CR LA Pajarona por la imagen de la Fiesta del B\u00f3digo.<\/lu><!\u2013- [et_pb_br_holder] -\u2013><!-- [et_pb_line_break_holder] -->        <lu>A @Ferchu_Lapril por el resto de fotograf\u00edas aportadas.<\/lu><!\u2013- [et_pb_br_holder] -\u2013><!-- [et_pb_line_break_holder] -->  <\/ul>\n<p><!-- [et_pb_line_break_holder] -->  <!-- [et_pb_line_break_holder] --><\/body><!-- [et_pb_line_break_holder] --><!-- [et_pb_line_break_holder] -->[\/et_pb_code][et_pb_text _builder_version=&#8221;4.19.1&#8243; _module_preset=&#8221;default&#8221; hover_enabled=&#8221;0&#8243; global_colors_info=&#8221;{}&#8221; sticky_enabled=&#8221;0&#8243;]<\/p>\n<p><img loading=\"lazy\" decoding=\"async\" class=\"wp-image-3026 alignnone  aligncenter\" src=\"https:\/\/turismosiruela.es\/wp-content\/uploads\/2023\/08\/powered-by-DZT.png\" alt=\"\" width=\"204\" height=\"66\" \/><\/p>\n<div class=\"font-size: 8px;\" style=\"text-align: center;\">DiferenziaT Solutions, S.L. \/\/ www.diferenziat.es\u00a0 VALDECABALLEROS (BADAJOZ)<\/div>\n<p>[\/et_pb_text][\/et_pb_column][\/et_pb_row][et_pb_row _builder_version=&#8221;4.19.1&#8243; _module_preset=&#8221;default&#8221; background_color=&#8221;#FFFFFF&#8221; positioning=&#8221;fixed&#8221; position_origin_f=&#8221;bottom_center&#8221; z_index=&#8221;500&#8243; width=&#8221;100%&#8221; max_width=&#8221;2560px&#8221; height=&#8221;70px&#8221; global_colors_info=&#8221;{}&#8221;][et_pb_column type=&#8221;4_4&#8243; _builder_version=&#8221;4.19.1&#8243; _module_preset=&#8221;default&#8221; global_colors_info=&#8221;{}&#8221;][et_pb_code _builder_version=&#8221;4.19.1&#8243; _module_preset=&#8221;default&#8221; positioning=&#8221;fixed&#8221; position_origin_f=&#8221;bottom_center&#8221; vertical_offset=&#8221;10px&#8221; z_index=&#8221;500&#8243; global_colors_info=&#8221;{}&#8221;]<\/p>\n<div class=\"et_pb_button_module_wrapper et_pb_button_0_wrapper et_pb_module\"><!-- [et_pb_line_break_holder] -->\t<a class=\"et_pb_button et_pb_button_0 et_pb_bg_layout_light\" href=\"javascript: history.go(-1)\">Atr\u00e1s<\/a><!-- [et_pb_line_break_holder] --><\/div>\n<p>[\/et_pb_code][\/et_pb_column][\/et_pb_row][\/et_pb_section]<\/p>\n","protected":false},"excerpt":{"rendered":"<p>Para disfrutar del contenido accede a esta url a trav\u00e9s de un dispositivo m\u00f3vil (smartphone o tablet). Est\u00e1 dise\u00f1ado para vivirlo directamente en Siruela. Por ello la mayor\u00eda del contenido estar\u00e1 disponible en tu visita a nuestro pueblo. Ser\u00e1 una gran experiencia. \u00a1Ven, te estamos esperando! Un aperitivo de lo que encontrar\u00e1s en Siruela:Informaci\u00f3n: Aviso [&hellip;]<\/p>\n","protected":false},"author":2,"featured_media":0,"parent":0,"menu_order":0,"comment_status":"closed","ping_status":"closed","template":"","meta":{"_acf_changed":false,"_et_pb_use_builder":"on","_et_pb_old_content":"","_et_gb_content_width":"","footnotes":""},"class_list":["post-2998","page","type-page","status-publish","hentry"],"acf":[],"_links":{"self":[{"href":"https:\/\/turismosiruela.es\/index.php?rest_route=\/wp\/v2\/pages\/2998","targetHints":{"allow":["GET"]}}],"collection":[{"href":"https:\/\/turismosiruela.es\/index.php?rest_route=\/wp\/v2\/pages"}],"about":[{"href":"https:\/\/turismosiruela.es\/index.php?rest_route=\/wp\/v2\/types\/page"}],"author":[{"embeddable":true,"href":"https:\/\/turismosiruela.es\/index.php?rest_route=\/wp\/v2\/users\/2"}],"replies":[{"embeddable":true,"href":"https:\/\/turismosiruela.es\/index.php?rest_route=%2Fwp%2Fv2%2Fcomments&post=2998"}],"version-history":[{"count":33,"href":"https:\/\/turismosiruela.es\/index.php?rest_route=\/wp\/v2\/pages\/2998\/revisions"}],"predecessor-version":[{"id":3675,"href":"https:\/\/turismosiruela.es\/index.php?rest_route=\/wp\/v2\/pages\/2998\/revisions\/3675"}],"wp:attachment":[{"href":"https:\/\/turismosiruela.es\/index.php?rest_route=%2Fwp%2Fv2%2Fmedia&parent=2998"}],"curies":[{"name":"wp","href":"https:\/\/api.w.org\/{rel}","templated":true}]}}